{"id":10,"date":"2024-01-07T09:17:58","date_gmt":"2024-01-07T09:17:58","guid":{"rendered":"https:\/\/gewerkschaftliche-ukraine-solidaritaet.de\/?page_id=10"},"modified":"2024-06-13T11:49:50","modified_gmt":"2024-06-13T11:49:50","slug":"gewerkschaftliche-solidaritaet-humanitaere-hilfe-fuer-ukrainische-gewerkschaften","status":"publish","type":"page","link":"https:\/\/gewerkschaftliche-ukraine-solidaritaet.de\/","title":{"rendered":"Ukraine Recovery Conference in Berlin"},"content":{"rendered":"\n<div style=\"height:30px\" aria-hidden=\"true\" class=\"wp-block-spacer\"><\/div>\n\n\n\n<div class=\"wp-block-columns is-layout-flex wp-container-core-columns-is-layout-1 wp-block-columns-is-layout-flex\">\n<div class=\"wp-block-column is-layout-flow wp-block-column-is-layout-flow\">\n<figure data-wp-context=\"{&quot;imageId&quot;:&quot;69f9c2a54e405&quot;}\" data-wp-interactive=\"core\/image\" class=\"wp-block-image size-full wp-lightbox-container\"><img decoding=\"async\" data-wp-class--hide=\"state.isContentHidden\" data-wp-class--show=\"state.isContentVisible\" data-wp-init=\"callbacks.setButtonStyles\" data-wp-on-async--click=\"actions.showLightbox\" data-wp-on-async--load=\"callbacks.setButtonStyles\" data-wp-on-async-window--resize=\"callbacks.setButtonStyles\" src=\"https:\/\/gewerkschaftliche-ukraine-solidaritaet.de\/wp-content\/uploads\/2024\/06\/UkraineKonf-1.jpg\" alt=\"\" class=\"wp-image-85\"\/><button\n\t\t\tclass=\"lightbox-trigger\"\n\t\t\ttype=\"button\"\n\t\t\taria-haspopup=\"dialog\"\n\t\t\taria-label=\"Bild vergr\u00f6\u00dfern\"\n\t\t\tdata-wp-init=\"callbacks.initTriggerButton\"\n\t\t\tdata-wp-on-async--click=\"actions.showLightbox\"\n\t\t\tdata-wp-style--right=\"state.imageButtonRight\"\n\t\t\tdata-wp-style--top=\"state.imageButtonTop\"\n\t\t>\n\t\t\t<svg xmlns=\"http:\/\/www.w3.org\/2000\/svg\" width=\"12\" height=\"12\" fill=\"none\" viewBox=\"0 0 12 12\">\n\t\t\t\t<path fill=\"#fff\" d=\"M2 0a2 2 0 0 0-2 2v2h1.5V2a.5.5 0 0 1 .5-.5h2V0H2Zm2 10.5H2a.5.5 0 0 1-.5-.5V8H0v2a2 2 0 0 0 2 2h2v-1.5ZM8 12v-1.5h2a.5.5 0 0 0 .5-.5V8H12v2a2 2 0 0 1-2 2H8Zm2-12a2 2 0 0 1 2 2v2h-1.5V2a.5.5 0 0 0-.5-.5H8V0h2Z\" \/>\n\t\t\t<\/svg>\n\t\t<\/button><\/figure>\n<\/div>\n\n\n\n<div class=\"wp-block-column is-layout-flow wp-block-column-is-layout-flow\">\n<figure class=\"wp-block-image size-large\"><img loading=\"lazy\" decoding=\"async\" width=\"722\" height=\"1024\" src=\"https:\/\/gewerkschaftliche-ukraine-solidaritaet.de\/wp-content\/uploads\/2024\/06\/UkraineKonf-2-1-722x1024.jpg\" alt=\"\" class=\"wp-image-93\" srcset=\"https:\/\/gewerkschaftliche-ukraine-solidaritaet.de\/wp-content\/uploads\/2024\/06\/UkraineKonf-2-1-722x1024.jpg 722w, https:\/\/gewerkschaftliche-ukraine-solidaritaet.de\/wp-content\/uploads\/2024\/06\/UkraineKonf-2-1-212x300.jpg 212w, https:\/\/gewerkschaftliche-ukraine-solidaritaet.de\/wp-content\/uploads\/2024\/06\/UkraineKonf-2-1-768x1089.jpg 768w, https:\/\/gewerkschaftliche-ukraine-solidaritaet.de\/wp-content\/uploads\/2024\/06\/UkraineKonf-2-1-1083x1536.jpg 1083w, https:\/\/gewerkschaftliche-ukraine-solidaritaet.de\/wp-content\/uploads\/2024\/06\/UkraineKonf-2-1-1444x2048.jpg 1444w, https:\/\/gewerkschaftliche-ukraine-solidaritaet.de\/wp-content\/uploads\/2024\/06\/UkraineKonf-2-1.jpg 1588w\" sizes=\"auto, (max-width: 722px) 100vw, 722px\" \/><\/figure>\n<\/div>\n<\/div>\n\n\n\n<p>Ein Klick auf die Bilder vergr\u00f6\u00dfert die Darstellung. <\/p>\n\n\n\n<div class=\"wp-block-buttons is-layout-flex wp-block-buttons-is-layout-flex\">\n<div class=\"wp-block-button\"><a class=\"wp-block-button__link wp-element-button\" href=\"https:\/\/gewerkschaftliche-ukraine-solidaritaet.de\/wp-content\/uploads\/2024\/06\/UkraineKonf.pdf\" target=\"_blank\" rel=\"noreferrer noopener\">Flyer als PDF zu Download<\/a><\/div>\n<\/div>\n\n\n\n<div style=\"height:100px\" aria-hidden=\"true\" class=\"wp-block-spacer\"><\/div>\n\n\n\n<div class=\"wp-block-query is-layout-flow wp-block-query-is-layout-flow\"><ul class=\"wp-block-post-template is-layout-flow wp-block-post-template-is-layout-flow\"><li class=\"wp-block-post post-99 post type-post status-publish format-standard has-post-thumbnail hentry category-uncategorized\">\n<figure class=\"wp-block-post-featured-image\"><img loading=\"lazy\" decoding=\"async\" width=\"2560\" height=\"1707\" src=\"https:\/\/gewerkschaftliche-ukraine-solidaritaet.de\/wp-content\/uploads\/2024\/06\/URC-Gruppenbild_JMehnert-scaled.jpg\" class=\"attachment-post-thumbnail size-post-thumbnail wp-post-image\" alt=\"\" style=\"object-fit:cover;\" srcset=\"https:\/\/gewerkschaftliche-ukraine-solidaritaet.de\/wp-content\/uploads\/2024\/06\/URC-Gruppenbild_JMehnert-scaled.jpg 2560w, https:\/\/gewerkschaftliche-ukraine-solidaritaet.de\/wp-content\/uploads\/2024\/06\/URC-Gruppenbild_JMehnert-300x200.jpg 300w, https:\/\/gewerkschaftliche-ukraine-solidaritaet.de\/wp-content\/uploads\/2024\/06\/URC-Gruppenbild_JMehnert-1024x683.jpg 1024w, https:\/\/gewerkschaftliche-ukraine-solidaritaet.de\/wp-content\/uploads\/2024\/06\/URC-Gruppenbild_JMehnert-768x512.jpg 768w, https:\/\/gewerkschaftliche-ukraine-solidaritaet.de\/wp-content\/uploads\/2024\/06\/URC-Gruppenbild_JMehnert-1536x1024.jpg 1536w, https:\/\/gewerkschaftliche-ukraine-solidaritaet.de\/wp-content\/uploads\/2024\/06\/URC-Gruppenbild_JMehnert-2048x1366.jpg 2048w\" sizes=\"auto, (max-width: 2560px) 100vw, 2560px\" \/><\/figure>\n\n<div class=\"wp-block-post-date\"><time datetime=\"2024-06-13T11:32:40+00:00\">Juni 13, 2024<\/time><\/div>\n\n<h2 class=\"wp-block-post-title\"><a href=\"https:\/\/gewerkschaftliche-ukraine-solidaritaet.de\/?p=99\" target=\"_self\" >Kampf f\u00fcr soziale Rechte auch in Kriegszeiten<\/a><\/h2>\n\n\n<!--more-->\n\n\n<div class=\"wp-block-post-excerpt\"><p class=\"wp-block-post-excerpt__excerpt\">Die gewerkschaftliche Ukrainekonferenz war ein voller Erfolg Am Samstag, dem 8. Juni 2024, fand im Berliner IG-Metall-Haus die Veranstaltung \u201eF\u00fcr einen selbstbestimmten Wiederaufbau der Ukraine\u201c mit 70 Teilnehmenden statt. Gewerkschafter:innen und Aktivist:innen aus der Ukraine waren extra angereist. Die Veranstaltung war von dem Arbeitskreis Internationalismus der IG Metall Berlin und der Initiative \u201eSolidarit\u00e4t mit ukrainischen&hellip; <\/p><\/div>\n<\/li><li class=\"wp-block-post post-96 post type-post status-publish format-standard hentry category-uncategorized tag-g7 tag-ukraine\">\n\n\n<div class=\"wp-block-post-date\"><time datetime=\"2024-06-07T05:59:22+00:00\">Juni 7, 2024<\/time><\/div>\n\n<h2 class=\"wp-block-post-title\"><a href=\"https:\/\/gewerkschaftliche-ukraine-solidaritaet.de\/?p=96\" target=\"_self\" >G7 vor Entscheidung: Ukrainische Schuldenzahlungen weiter aussetzen?<\/a><\/h2>\n\n\n<!--more-->\n\n\n<div class=\"wp-block-post-excerpt\"><p class=\"wp-block-post-excerpt__excerpt\">von Eric Toussaint \u201eDie Europ\u00e4ische Union stellt Finanzhilfe in Form von Krediten bereit, die die Ukraine zur\u00fcckzahlen muss\u201c. \u201eDie gesamte Finanzierung, die der Ukraine von der Weltbank und dem IWF gew\u00e4hrt wird, erfolgt in Form von Krediten\u201c. \u201eGro\u00dfe europ\u00e4ische Privatbanken trotz der Sanktionen, haben ihre Gewinne in Russland seit Beginn der Invasion der Ukraine vervierfacht\u201c.&hellip; <\/p><\/div>\n<\/li><li class=\"wp-block-post post-55 post type-post status-publish format-standard hentry category-uncategorized\">\n\n\n<div class=\"wp-block-post-date\"><time datetime=\"2024-05-22T11:41:57+00:00\">Mai 22, 2024<\/time><\/div>\n\n<h2 class=\"wp-block-post-title\"><a href=\"https:\/\/gewerkschaftliche-ukraine-solidaritaet.de\/?p=55\" target=\"_self\" >Ukraine Recovery Conference in Berlin: \u201eFor a self-determined reconstruction of Ukraine\u201c<\/a><\/h2>\n\n\n<!--more-->\n\n\n<div class=\"wp-block-post-excerpt\"><p class=\"wp-block-post-excerpt__excerpt\">Platform for event on Saturday, 8 June 2024 After Lugano (2022) and London (2023), the third Ukraine Recovery Conference (UCR) will take place in Berlin on 11 and 12 June 2024. The recovery conferences have replaced the Ukraine reform conferences that have been held annually since 2017. However, the framework for this conference is defined&hellip; <\/p><\/div>\n<\/li><\/ul>\n\n<nav class=\"wp-block-query-pagination is-layout-flex wp-block-query-pagination-is-layout-flex\" aria-label=\"Seitennummerierung\">\n\n\n<div class=\"wp-block-query-pagination-numbers\"><span aria-current=\"page\" class=\"page-numbers current\">1<\/span>\n<a class=\"page-numbers\" href=\"?query-5-page=2&#038;rest_route=%2Fwp%2Fv2%2Fpages%2F10\">2<\/a><\/div>\n\n<a href=\"\/index.php?rest_route=%2Fwp%2Fv2%2Fpages%2F10&#038;query-5-page=2\" class=\"wp-block-query-pagination-next\">N\u00e4chste Seite<\/a>\n<\/nav>\n\n<\/div>\n\n\n\n<h1 class=\"wp-block-heading\"><br>Gewerkschaftliche Solidarit\u00e4t<\/h1>\n\n\n\n<p id=\"block-8d63bac4-f0e6-4dac-973a-4db14b9d85e8\">Humanit\u00e4re Hilfe f\u00fcr ukrainische Gewerkschaften<\/p>\n\n\n\n<p>Der russische Angriffskrieg hat zu enormem Leid in der ukrainischen Gesellschaft gef\u00fchrt. Familien mit ausreichenden Ressourcen fl\u00fcchten nach Polen oder andere westeurop\u00e4ische L\u00e4nder. Die arbeitende Bev\u00f6lkerung mit geringen Ressourcen ist jedoch darauf angewiesen, entweder vor Ort auszukommen oder in eine westlich gelegene ukrainische Stadt zu fl\u00fcchten. Die Gewerkschaften spielen eine zentrale Rolle in der Aufrechterhaltung notwendiger Dienstleistungen wie in Krankenh\u00e4usern oder im \u00f6ffentlichen Verkehr. Gewerkschaftsmitglieder riskieren dabei zum Teil ihr Leben, in dem sie in \u00f6stlichen Provinzen weiter in Krankenh\u00e4usern die Versorgung oder z.&nbsp;B. als Eisenbahner:innen die Verbindungen zu der Bev\u00f6lkerung im Osten aufrecht halten.<\/p>\n\n\n\n<p>Wir haben zu der Gewerkschaft der Eisenbahner:innen und der Gewerkschaft des Krankenhauspersonals Kontakt aufgebaut; beide geh\u00f6ren der Konf\u00f6deration Freier Gewerkschaften der Ukraine KWPU an.<\/p>\n\n\n\n<p>Diese beiden Gewerkschaften ben\u00f6tigen humanit\u00e4re Hilfe und unsere Solidarit\u00e4t. Dabei geht es um die Unterst\u00fctzung der Familien der Gewerkschaftsmitglieder, die aus russisch besetztem Gebiet fliehen mussten; nun m\u00fcssen sie in St\u00e4dten wie z.&nbsp;B. Kiew, Chmelnyzkyj oder Werchiwzewe ihre Existenz sichern. Und es geht um die Sicherstellung der Arbeit des Gesundheitspersonals in der Stadt Krywyj Rih, die aufgrund ihrer Lage im Osten der Ukraine mehrfach Ziel russischer Angriffe wurde; sie wollen die Verletzten in der Zivilbev\u00f6lkerung versorgen, daf\u00fcr fehlen ihnen aber die notwendigen medizinischen Materialien und Medikamente.<\/p>\n\n\n\n<p>Wir rufen zur Unterst\u00fctzung dieser beiden Gewerkschaften mit Spenden auf. Die Spenden sollen f\u00fcr humanit\u00e4re Hilfe an unsere gewerkschaftlichen Kooperationspartner:innen in der Ukraine gehen \u2012 einerseits in Form von Geldspenden zur Unterst\u00fctzung der Familien der Gewerkschaftsmitglieder, andererseits in Form von Lieferungen hier gekaufter Medikamente f\u00fcr die Gesundheitsversorgung in Krywyj Rih. Wir stehen mit aktiven Gewerkschafter:innen aus Kiew und Krywyj Rih in Verbindung, werden von ihnen Berichte und Verwendungsnachweise erhalten und m\u00f6chten mittelfristig wechselseitige Besuche organisieren.<\/p>\n\n\n\n<p><strong>Spenden an:<\/strong><br>Internationale Solidarit\u00e4t e.V.<br>Stichwort \u201eUkraine Solidarit\u00e4t\u201c<br>IBAN: DE94 4306 0967 6049 1075 00<\/p>\n\n\n\n<p>Bank: GLS Bank<br><br><strong>Kontakt<\/strong>:<br>Christian Haasen, <a href=\"mailto:ukraine-solidaritaet@intersoz.org\" target=\"_blank\" rel=\"noreferrer noopener\">ukraine-solidaritaet@intersoz.org<\/a><\/p>\n","protected":false},"excerpt":{"rendered":"<p>Ein Klick auf die Bilder vergr\u00f6\u00dfert die Darstellung.<\/p>\n","protected":false},"author":2,"featured_media":100,"parent":0,"menu_order":0,"comment_status":"closed","ping_status":"closed","template":"","meta":{"footnotes":""},"class_list":["post-10","page","type-page","status-publish","has-post-thumbnail","hentry"],"_links":{"self":[{"href":"https:\/\/gewerkschaftliche-ukraine-solidaritaet.de\/index.php?rest_route=\/wp\/v2\/pages\/10","targetHints":{"allow":["GET"]}}],"collection":[{"href":"https:\/\/gewerkschaftliche-ukraine-solidaritaet.de\/index.php?rest_route=\/wp\/v2\/pages"}],"about":[{"href":"https:\/\/gewerkschaftliche-ukraine-solidaritaet.de\/index.php?rest_route=\/wp\/v2\/types\/page"}],"author":[{"embeddable":true,"href":"https:\/\/gewerkschaftliche-ukraine-solidaritaet.de\/index.php?rest_route=\/wp\/v2\/users\/2"}],"replies":[{"embeddable":true,"href":"https:\/\/gewerkschaftliche-ukraine-solidaritaet.de\/index.php?rest_route=%2Fwp%2Fv2%2Fcomments&post=10"}],"version-history":[{"count":35,"href":"https:\/\/gewerkschaftliche-ukraine-solidaritaet.de\/index.php?rest_route=\/wp\/v2\/pages\/10\/revisions"}],"predecessor-version":[{"id":117,"href":"https:\/\/gewerkschaftliche-ukraine-solidaritaet.de\/index.php?rest_route=\/wp\/v2\/pages\/10\/revisions\/117"}],"wp:featuredmedia":[{"embeddable":true,"href":"https:\/\/gewerkschaftliche-ukraine-solidaritaet.de\/index.php?rest_route=\/wp\/v2\/media\/100"}],"wp:attachment":[{"href":"https:\/\/gewerkschaftliche-ukraine-solidaritaet.de\/index.php?rest_route=%2Fwp%2Fv2%2Fmedia&parent=10"}],"curies":[{"name":"wp","href":"https:\/\/api.w.org\/{rel}","templated":true}]}}